{"id":3097,"date":"2023-06-09T12:00:33","date_gmt":"2023-06-09T10:00:33","guid":{"rendered":"https:\/\/chassamir.com\/?page_id=3097"},"modified":"2023-08-25T16:42:20","modified_gmt":"2023-08-25T14:42:20","slug":"reglementation-2","status":"publish","type":"page","link":"https:\/\/www.chassamir.com\/fr\/reglementation.html","title":{"rendered":"R\u00e9glementation"},"content":{"rendered":"\t\t<div data-elementor-type=\"wp-page\" data-elementor-id=\"3097\" class=\"elementor elementor-3097\">\n\t\t\t\t\t\t\t\t\t<section class=\"elementor-section elementor-top-section elementor-element elementor-element-3f767ef elementor-section-stretched elementor-section-content-middle elementor-section-boxed elementor-section-height-default elementor-section-height-default\" data-id=\"3f767ef\" data-element_type=\"section\" data-settings=\"{&quot;stretch_section&quot;:&quot;section-stretched&quot;,&quot;background_background&quot;:&quot;classic&quot;}\">\n\t\t\t\t\t\t<div class=\"elementor-container elementor-column-gap-no\">\n\t\t\t\t\t<div class=\"elementor-column elementor-col-100 elementor-top-column elementor-element elementor-element-5c785932\" data-id=\"5c785932\" data-element_type=\"column\">\n\t\t\t<div class=\"elementor-widget-wrap elementor-element-populated\">\n\t\t\t\t\t\t\t\t<div class=\"elementor-element elementor-element-612728a6 elementor-widget elementor-widget-heading\" data-id=\"612728a6\" data-element_type=\"widget\" data-widget_type=\"heading.default\">\n\t\t\t\t<div class=\"elementor-widget-container\">\n\t\t\t<style>\/*! elementor - v3.13.3 - 28-05-2023 *\/\n.elementor-heading-title{padding:0;margin:0;line-height:1}.elementor-widget-heading .elementor-heading-title[class*=elementor-size-]>a{color:inherit;font-size:inherit;line-height:inherit}.elementor-widget-heading .elementor-heading-title.elementor-size-small{font-size:15px}.elementor-widget-heading .elementor-heading-title.elementor-size-medium{font-size:19px}.elementor-widget-heading .elementor-heading-title.elementor-size-large{font-size:29px}.elementor-widget-heading .elementor-heading-title.elementor-size-xl{font-size:39px}.elementor-widget-heading .elementor-heading-title.elementor-size-xxl{font-size:59px}<\/style><h2 class=\"elementor-heading-title elementor-size-default\">LA REGLEMENTATION DE LA CHASSE<\/h2>\t\t<\/div>\n\t\t\t\t<\/div>\n\t\t\t\t<div class=\"elementor-element elementor-element-267df734 elementor-view-default elementor-widget elementor-widget-icon\" data-id=\"267df734\" data-element_type=\"widget\" data-widget_type=\"icon.default\">\n\t\t\t\t<div class=\"elementor-widget-container\">\n\t\t\t\t\t<div class=\"elementor-icon-wrapper\">\n\t\t\t<div class=\"elementor-icon\">\n\t\t\t<i aria-hidden=\"true\" class=\"winwood-icon- winwood-icon-title-decor\"><\/i>\t\t\t<\/div>\n\t\t<\/div>\n\t\t\t\t<\/div>\n\t\t\t\t<\/div>\n\t\t\t\t<div class=\"elementor-element elementor-element-576fba48 elementor-widget__width-initial elementor-widget elementor-widget-text-editor\" data-id=\"576fba48\" data-element_type=\"widget\" data-widget_type=\"text-editor.default\">\n\t\t\t\t<div class=\"elementor-widget-container\">\n\t\t\t<style>\/*! elementor - v3.13.3 - 28-05-2023 *\/\n.elementor-widget-text-editor.elementor-drop-cap-view-stacked .elementor-drop-cap{background-color:#69727d;color:#fff}.elementor-widget-text-editor.elementor-drop-cap-view-framed .elementor-drop-cap{color:#69727d;border:3px solid;background-color:transparent}.elementor-widget-text-editor:not(.elementor-drop-cap-view-default) .elementor-drop-cap{margin-top:8px}.elementor-widget-text-editor:not(.elementor-drop-cap-view-default) .elementor-drop-cap-letter{width:1em;height:1em}.elementor-widget-text-editor .elementor-drop-cap{float:left;text-align:center;line-height:1;font-size:50px}.elementor-widget-text-editor .elementor-drop-cap-letter{display:inline-block}<\/style>\t\t\t\t<p>Au Maroc, la r\u00e8glementation de la chasse est assez complexe et parfois m\u00eame contraignante, car le l\u00e9gislateur est soucieux de permettre l&#8217;exercice de ce sport tout en assurant le p\u00e9rennit\u00e9 du patrimoine cyn\u00e9g\u00e9tique national. Contrairement \u00e0 d&#8217;autres pays ou le droit de chasse est attach\u00e9 au droit de propri\u00e9t\u00e9 Au Maroc, le droit de chasse appartient \u00e0 l\u2019Etat ,qui peut en d\u00e9l\u00e9guer l\u2019exercice sous certaines conditions. Cette modalit\u00e9 simplifie beaucoup la t\u00e2che des gestionnaires.<\/p><p>En r\u00e9glementant la chasse et les conditions dans lesquelles il est permis de rechercher, poursuivre et de capturer le gibier, on permet \u00e0 celui-ci de se d\u00e9fendre, assurant ainsi sa p\u00e9rennit\u00e9 pour la g\u00e9n\u00e9ration futures.<\/p>\t\t\t\t\t\t<\/div>\n\t\t\t\t<\/div>\n\t\t\t\t\t<\/div>\n\t\t<\/div>\n\t\t\t\t\t\t\t<\/div>\n\t\t<\/section>\n\t\t\t\t<section class=\"elementor-section elementor-top-section elementor-element elementor-element-265abdd8 elementor-section-boxed elementor-section-height-default elementor-section-height-default\" data-id=\"265abdd8\" data-element_type=\"section\">\n\t\t\t\t\t\t<div class=\"elementor-container elementor-column-gap-default\">\n\t\t\t\t\t<div class=\"elementor-column elementor-col-50 elementor-top-column elementor-element elementor-element-25c337df\" data-id=\"25c337df\" data-element_type=\"column\">\n\t\t\t<div class=\"elementor-widget-wrap elementor-element-populated\">\n\t\t\t\t\t\t\t\t<div class=\"elementor-element elementor-element-29c3befe elementor-widget elementor-widget-image\" data-id=\"29c3befe\" data-element_type=\"widget\" data-widget_type=\"image.default\">\n\t\t\t\t<div class=\"elementor-widget-container\">\n\t\t\t<style>\/*! elementor - v3.13.3 - 28-05-2023 *\/\n.elementor-widget-image{text-align:center}.elementor-widget-image a{display:inline-block}.elementor-widget-image a img[src$=\".svg\"]{width:48px}.elementor-widget-image img{vertical-align:middle;display:inline-block}<\/style>\t\t\t\t\t\t\t\t\t\t\t\t<img loading=\"lazy\" decoding=\"async\" width=\"728\" height=\"797\" src=\"https:\/\/www.chassamir.com\/wp-content\/uploads\/2023\/06\/morocco2-2.jpg\" class=\"attachment-full size-full wp-image-3089\" alt=\"\" srcset=\"https:\/\/www.chassamir.com\/wp-content\/uploads\/2023\/06\/morocco2-2.jpg 728w, https:\/\/www.chassamir.com\/wp-content\/uploads\/2023\/06\/morocco2-2-274x300.jpg 274w\" sizes=\"auto, (max-width: 728px) 100vw, 728px\" \/>\t\t\t\t\t\t\t\t\t\t\t\t\t\t\t<\/div>\n\t\t\t\t<\/div>\n\t\t\t\t\t<\/div>\n\t\t<\/div>\n\t\t\t\t<div class=\"elementor-column elementor-col-50 elementor-top-column elementor-element elementor-element-1abd0f51\" data-id=\"1abd0f51\" data-element_type=\"column\">\n\t\t\t<div class=\"elementor-widget-wrap elementor-element-populated\">\n\t\t\t\t\t\t\t\t<div class=\"elementor-element elementor-element-3daebf1d elementor-widget elementor-widget-heading\" data-id=\"3daebf1d\" data-element_type=\"widget\" data-widget_type=\"heading.default\">\n\t\t\t\t<div class=\"elementor-widget-container\">\n\t\t\t<h3 class=\"elementor-heading-title elementor-size-default\">L'exercice de la chasse dans l'espace et les r\u00e9serves de chasse<\/h3>\t\t<\/div>\n\t\t\t\t<\/div>\n\t\t\t\t<div class=\"elementor-element elementor-element-c51cb elementor-widget elementor-widget-text-editor\" data-id=\"c51cb\" data-element_type=\"widget\" data-widget_type=\"text-editor.default\">\n\t\t\t\t<div class=\"elementor-widget-container\">\n\t\t\t\t\t\t\t<p>L&#8217;agence national des Eaux et For\u00eats et \u00e0 la Lutte contre la D\u00e9sertification peut interdire l&#8217;acc\u00e8s \u00e0 certains territoires de chasse par arr\u00eat\u00e9. Dans ce cadre, on distingue deux cat\u00e9gories de r\u00e9serves : les r\u00e9serves permanentes et les r\u00e9serves temporaires.<\/p><p>Les r\u00e9serves permanentes sont des zones o\u00f9 la chasse est interdite de mani\u00e8re d\u00e9finitive ou pour une tr\u00e8s longue dur\u00e9e.<\/p><p>Le reste du territoire national est divis\u00e9 en r\u00e9serves temporaires o\u00f9 la chasse est interdite pour une ou plusieurs saisons de chasse cons\u00e9cutives.<\/p><p>Cette mesure permet au gibier de se reproduire et de se d\u00e9velopper.<\/p><p>Gr\u00e2ce \u00e0 cette r\u00e9glementation, l&#8217;agence nationale des Eaux et For\u00eats et \u00e0 la Lutte contre la D\u00e9sertification veille \u00e0 la pr\u00e9servation de la faune et de la flore marocaines, tout en garantissant des conditions de chasse \u00e9quitables pour tous les chasseurs.<\/p>\t\t\t\t\t\t<\/div>\n\t\t\t\t<\/div>\n\t\t\t\t\t<\/div>\n\t\t<\/div>\n\t\t\t\t\t\t\t<\/div>\n\t\t<\/section>\n\t\t\t\t<section class=\"elementor-section elementor-top-section elementor-element elementor-element-62cb19b elementor-section-boxed elementor-section-height-default elementor-section-height-default\" data-id=\"62cb19b\" data-element_type=\"section\">\n\t\t\t\t\t\t<div class=\"elementor-container elementor-column-gap-default\">\n\t\t\t\t\t<div class=\"elementor-column elementor-col-50 elementor-top-column elementor-element elementor-element-3ac76500\" data-id=\"3ac76500\" data-element_type=\"column\">\n\t\t\t<div class=\"elementor-widget-wrap elementor-element-populated\">\n\t\t\t\t\t\t\t\t<div class=\"elementor-element elementor-element-2facd755 elementor-widget elementor-widget-heading\" data-id=\"2facd755\" data-element_type=\"widget\" data-widget_type=\"heading.default\">\n\t\t\t\t<div class=\"elementor-widget-container\">\n\t\t\t<h3 class=\"elementor-heading-title elementor-size-default\">Les soci\u00e9t\u00e9s de chasse touristique<\/h3>\t\t<\/div>\n\t\t\t\t<\/div>\n\t\t\t\t<div class=\"elementor-element elementor-element-4d17c1ec elementor-widget elementor-widget-text-editor\" data-id=\"4d17c1ec\" data-element_type=\"widget\" data-widget_type=\"text-editor.default\">\n\t\t\t\t<div class=\"elementor-widget-container\">\n\t\t\t\t\t\t\t<p>Afin de d\u00e9velopper le tourisme cyn\u00e9g\u00e9tique au Maroc, certains territoires ont \u00e9t\u00e9 class\u00e9s et amodi\u00e9s \u00e0 des soci\u00e9t\u00e9s de chasse touristique. Ces territoires sont assez vastes et situ\u00e9s dans des milieux tr\u00e8s vari\u00e9s, afin d&#8217;\u00eatre repr\u00e9sentatifs des diff\u00e9rents biotopes et permettre ainsi la chasse de toutes les esp\u00e8ces gibiers de la faune sauvage marocaine.<br \/>Par sa position g\u00e9ographique, le Maroc se trouve \u00e0 moins de trois heures de vol des principales capitales europ\u00e9ennes et peut donc pr\u00e9tendre \u00e0 une place beaucoup plus importante dans le tourisme cyn\u00e9g\u00e9tique international.<\/p>\t\t\t\t\t\t<\/div>\n\t\t\t\t<\/div>\n\t\t\t\t\t<\/div>\n\t\t<\/div>\n\t\t\t\t<div class=\"elementor-column elementor-col-50 elementor-top-column elementor-element elementor-element-69be0833\" data-id=\"69be0833\" data-element_type=\"column\">\n\t\t\t<div class=\"elementor-widget-wrap elementor-element-populated\">\n\t\t\t\t\t\t\t\t<div class=\"elementor-element elementor-element-1ca352f8 elementor-widget elementor-widget-image\" data-id=\"1ca352f8\" data-element_type=\"widget\" data-widget_type=\"image.default\">\n\t\t\t\t<div class=\"elementor-widget-container\">\n\t\t\t\t\t\t\t\t\t\t\t\t\t\t\t<img loading=\"lazy\" decoding=\"async\" width=\"800\" height=\"600\" src=\"https:\/\/www.chassamir.com\/wp-content\/uploads\/2023\/06\/Morocco159-pt.webp\" class=\"attachment-large size-large wp-image-2994\" alt=\"\" srcset=\"https:\/\/www.chassamir.com\/wp-content\/uploads\/2023\/06\/Morocco159-pt.webp 800w, https:\/\/www.chassamir.com\/wp-content\/uploads\/2023\/06\/Morocco159-pt-300x225.webp 300w, https:\/\/www.chassamir.com\/wp-content\/uploads\/2023\/06\/Morocco159-pt-768x576.webp 768w\" sizes=\"auto, (max-width: 800px) 100vw, 800px\" \/>\t\t\t\t\t\t\t\t\t\t\t\t\t\t\t<\/div>\n\t\t\t\t<\/div>\n\t\t\t\t\t<\/div>\n\t\t<\/div>\n\t\t\t\t\t\t\t<\/div>\n\t\t<\/section>\n\t\t\t\t\t\t\t<\/div>\n\t\t","protected":false},"excerpt":{"rendered":"<p>LA REGLEMENTATION DE LA CHASSE Au Maroc, la r\u00e8glementation de la chasse est assez complexe et parfois m\u00eame contraignante, car le l\u00e9gislateur est soucieux de permettre l&#8217;exercice de ce sport tout en assurant le p\u00e9rennit\u00e9 du patrimoine cyn\u00e9g\u00e9tique national. Contrairement \u00e0 d&#8217;autres pays ou le droit de chasse est attach\u00e9 au droit de propri\u00e9t\u00e9 Au [&hellip;]<\/p>\n","protected":false},"author":1,"featured_media":0,"parent":0,"menu_order":0,"comment_status":"closed","ping_status":"closed","template":"","meta":{"inline_featured_image":false,"footnotes":""},"class_list":["post-3097","page","type-page","status-publish","hentry"],"_links":{"self":[{"href":"https:\/\/www.chassamir.com\/fr\/wp-json\/wp\/v2\/pages\/3097","targetHints":{"allow":["GET"]}}],"collection":[{"href":"https:\/\/www.chassamir.com\/fr\/wp-json\/wp\/v2\/pages"}],"about":[{"href":"https:\/\/www.chassamir.com\/fr\/wp-json\/wp\/v2\/types\/page"}],"author":[{"embeddable":true,"href":"https:\/\/www.chassamir.com\/fr\/wp-json\/wp\/v2\/users\/1"}],"replies":[{"embeddable":true,"href":"https:\/\/www.chassamir.com\/fr\/wp-json\/wp\/v2\/comments?post=3097"}],"version-history":[{"count":10,"href":"https:\/\/www.chassamir.com\/fr\/wp-json\/wp\/v2\/pages\/3097\/revisions"}],"predecessor-version":[{"id":3377,"href":"https:\/\/www.chassamir.com\/fr\/wp-json\/wp\/v2\/pages\/3097\/revisions\/3377"}],"wp:attachment":[{"href":"https:\/\/www.chassamir.com\/fr\/wp-json\/wp\/v2\/media?parent=3097"}],"curies":[{"name":"wp","href":"https:\/\/api.w.org\/{rel}","templated":true}]}}