{"id":2230,"date":"2023-04-07T16:41:27","date_gmt":"2023-04-07T14:41:27","guid":{"rendered":"https:\/\/chassamir.com\/?page_id=2230"},"modified":"2023-04-20T13:07:39","modified_gmt":"2023-04-20T11:07:39","slug":"chasse-a-la-grive","status":"publish","type":"page","link":"https:\/\/www.chassamir.com\/fr\/chasse-a-la-grive\/","title":{"rendered":"CHASSE A LA GRIVE"},"content":{"rendered":"\t\t<div data-elementor-type=\"wp-page\" data-elementor-id=\"2230\" class=\"elementor elementor-2230\">\n\t\t\t\t\t\t\t\t\t<section class=\"elementor-section elementor-top-section elementor-element elementor-element-29cc8d1e elementor-section-boxed elementor-section-height-default elementor-section-height-default\" data-id=\"29cc8d1e\" data-element_type=\"section\">\n\t\t\t\t\t\t<div class=\"elementor-container elementor-column-gap-default\">\n\t\t\t\t\t<div class=\"elementor-column elementor-col-66 elementor-top-column elementor-element elementor-element-54fcf006\" data-id=\"54fcf006\" data-element_type=\"column\">\n\t\t\t<div class=\"elementor-widget-wrap elementor-element-populated\">\n\t\t\t\t\t\t\t\t<div class=\"elementor-element elementor-element-2a149778 elementor-widget elementor-widget-heading\" data-id=\"2a149778\" data-element_type=\"widget\" data-widget_type=\"heading.default\">\n\t\t\t\t<div class=\"elementor-widget-container\">\n\t\t\t<style>\/*! elementor - v3.13.3 - 28-05-2023 *\/\n.elementor-heading-title{padding:0;margin:0;line-height:1}.elementor-widget-heading .elementor-heading-title[class*=elementor-size-]>a{color:inherit;font-size:inherit;line-height:inherit}.elementor-widget-heading .elementor-heading-title.elementor-size-small{font-size:15px}.elementor-widget-heading .elementor-heading-title.elementor-size-medium{font-size:19px}.elementor-widget-heading .elementor-heading-title.elementor-size-large{font-size:29px}.elementor-widget-heading .elementor-heading-title.elementor-size-xl{font-size:39px}.elementor-widget-heading .elementor-heading-title.elementor-size-xxl{font-size:59px}<\/style><h2 class=\"elementor-heading-title elementor-size-default\">Dates : D\u00e9but octobre, fin f\u00e9vrier<\/h2>\t\t<\/div>\n\t\t\t\t<\/div>\n\t\t\t\t<div class=\"elementor-element elementor-element-36e515ad elementor-widget elementor-widget-image\" data-id=\"36e515ad\" data-element_type=\"widget\" data-widget_type=\"image.default\">\n\t\t\t\t<div class=\"elementor-widget-container\">\n\t\t\t<style>\/*! elementor - v3.13.3 - 28-05-2023 *\/\n.elementor-widget-image{text-align:center}.elementor-widget-image a{display:inline-block}.elementor-widget-image a img[src$=\".svg\"]{width:48px}.elementor-widget-image img{vertical-align:middle;display:inline-block}<\/style>\t\t\t\t\t\t\t\t\t\t\t\t<img loading=\"lazy\" decoding=\"async\" width=\"2240\" height=\"740\" src=\"https:\/\/www.chassamir.com\/wp-content\/uploads\/2023\/04\/Images-01.jpg\" class=\"attachment-full size-full wp-image-2580\" alt=\"\" srcset=\"https:\/\/www.chassamir.com\/wp-content\/uploads\/2023\/04\/Images-01.jpg 2240w, https:\/\/www.chassamir.com\/wp-content\/uploads\/2023\/04\/Images-01-300x99.jpg 300w, https:\/\/www.chassamir.com\/wp-content\/uploads\/2023\/04\/Images-01-1024x338.jpg 1024w, https:\/\/www.chassamir.com\/wp-content\/uploads\/2023\/04\/Images-01-768x254.jpg 768w, https:\/\/www.chassamir.com\/wp-content\/uploads\/2023\/04\/Images-01-1536x507.jpg 1536w, https:\/\/www.chassamir.com\/wp-content\/uploads\/2023\/04\/Images-01-2048x677.jpg 2048w\" sizes=\"auto, (max-width: 2240px) 100vw, 2240px\" \/>\t\t\t\t\t\t\t\t\t\t\t\t\t\t\t<\/div>\n\t\t\t\t<\/div>\n\t\t\t\t<div class=\"elementor-element elementor-element-3c40f570 elementor-widget elementor-widget-text-editor\" data-id=\"3c40f570\" data-element_type=\"widget\" data-widget_type=\"text-editor.default\">\n\t\t\t\t<div class=\"elementor-widget-container\">\n\t\t\t<style>\/*! elementor - v3.13.3 - 28-05-2023 *\/\n.elementor-widget-text-editor.elementor-drop-cap-view-stacked .elementor-drop-cap{background-color:#69727d;color:#fff}.elementor-widget-text-editor.elementor-drop-cap-view-framed .elementor-drop-cap{color:#69727d;border:3px solid;background-color:transparent}.elementor-widget-text-editor:not(.elementor-drop-cap-view-default) .elementor-drop-cap{margin-top:8px}.elementor-widget-text-editor:not(.elementor-drop-cap-view-default) .elementor-drop-cap-letter{width:1em;height:1em}.elementor-widget-text-editor .elementor-drop-cap{float:left;text-align:center;line-height:1;font-size:50px}.elementor-widget-text-editor .elementor-drop-cap-letter{display:inline-block}<\/style>\t\t\t\t<p>En zone m\u00e9diterran\u00e9enne elle se trouve plut\u00f4t sur les collines et moyennes montagnes qu&#8217;en plaine mais elle \u00e9vite les massifs forestiers trop denses. Notons enfin qu&#8217;elle \u00e9vite de nos jours l&#8217;extr\u00eame frange littorale m\u00e9diterran\u00e9enne. En hiver, elle utilise pr\u00e9f\u00e9rentiellement les prairies bord\u00e9es de grandes haies et des espaces ouverts de moyenne altitude.<\/p><p>Etant souvent en sous bois, les chasse est faite en petite battue avec rabatteurs.<\/p>\t\t\t\t\t\t<\/div>\n\t\t\t\t<\/div>\n\t\t\t\t<div class=\"elementor-element elementor-element-417fed68 elementor-widget elementor-widget-heading\" data-id=\"417fed68\" data-element_type=\"widget\" data-widget_type=\"heading.default\">\n\t\t\t\t<div class=\"elementor-widget-container\">\n\t\t\t<h3 class=\"elementor-heading-title elementor-size-default\">Territoire : Reserve privee chassamir<\/h3>\t\t<\/div>\n\t\t\t\t<\/div>\n\t\t\t\t<div class=\"elementor-element elementor-element-4fc5de97 elementor-widget elementor-widget-text-editor\" data-id=\"4fc5de97\" data-element_type=\"widget\" data-widget_type=\"text-editor.default\">\n\t\t\t\t<div class=\"elementor-widget-container\">\n\t\t\t\t\t\t\t<p>45.000 Ha \u00e0 50 Km de Marrakech.<br \/>Plaine constitu\u00e9e de propri\u00e9t\u00e9s agricoles. Chasse dans les champs de coton, de luzerne, de pommes de terre.<\/p>\t\t\t\t\t\t<\/div>\n\t\t\t\t<\/div>\n\t\t\t\t<div class=\"elementor-element elementor-element-624fbec9 elementor-widget elementor-widget-heading\" data-id=\"624fbec9\" data-element_type=\"widget\" data-widget_type=\"heading.default\">\n\t\t\t\t<div class=\"elementor-widget-container\">\n\t\t\t<h3 class=\"elementor-heading-title elementor-size-default\">D\u00e9roulement d\u2019une journ\u00e9e de chasse :<\/h3>\t\t<\/div>\n\t\t\t\t<\/div>\n\t\t\t\t<div class=\"elementor-element elementor-element-7d0f8526 elementor-widget elementor-widget-text-editor\" data-id=\"7d0f8526\" data-element_type=\"widget\" data-widget_type=\"text-editor.default\">\n\t\t\t\t<div class=\"elementor-widget-container\">\n\t\t\t\t\t\t\t<p>Vers 8H30, d\u00e9part de Marrakech en minibus ou v\u00e9hicule tout terrain avec chauffeur vers le terrain de chasse.<br \/>Distribution de l\u2019eau, r\u00e9partition des chiens et porteurs.<br \/>D\u00e9jeuner pique-nique sur le terrain : salade\/ grillades au feu de bois\/ fromage\/ fruits\/ vin et eau.<br \/>Chasse jusqu&#8217;\u00e0 16H00 environ et retour vers Marrakech.<\/p>\t\t\t\t\t\t<\/div>\n\t\t\t\t<\/div>\n\t\t\t\t<div class=\"elementor-element elementor-element-29b54f29 elementor-widget elementor-widget-heading\" data-id=\"29b54f29\" data-element_type=\"widget\" data-widget_type=\"heading.default\">\n\t\t\t\t<div class=\"elementor-widget-container\">\n\t\t\t<h3 class=\"elementor-heading-title elementor-size-default\">Tableau autorise : 50 grives par jour dans la reserve.<\/h3>\t\t<\/div>\n\t\t\t\t<\/div>\n\t\t\t\t\t<\/div>\n\t\t<\/div>\n\t\t\t\t<div class=\"elementor-column elementor-col-33 elementor-top-column elementor-element elementor-element-3ca62d65\" data-id=\"3ca62d65\" data-element_type=\"column\">\n\t\t\t<div class=\"elementor-widget-wrap elementor-element-populated\">\n\t\t\t\t\t\t\t\t<section class=\"elementor-section elementor-inner-section elementor-element elementor-element-301e25fb elementor-section-boxed elementor-section-height-default elementor-section-height-default\" data-id=\"301e25fb\" data-element_type=\"section\" data-settings=\"{&quot;background_background&quot;:&quot;classic&quot;,&quot;sticky&quot;:&quot;top&quot;,&quot;sticky_on&quot;:[&quot;desktop&quot;,&quot;tablet&quot;],&quot;sticky_offset&quot;:18,&quot;sticky_parent&quot;:&quot;yes&quot;,&quot;sticky_effects_offset&quot;:0}\">\n\t\t\t\t\t\t<div class=\"elementor-container elementor-column-gap-default\">\n\t\t\t\t\t<div class=\"elementor-column elementor-col-100 elementor-inner-column elementor-element elementor-element-49fe899b\" data-id=\"49fe899b\" data-element_type=\"column\">\n\t\t\t<div class=\"elementor-widget-wrap elementor-element-populated\">\n\t\t\t\t\t\t\t\t<div class=\"elementor-element elementor-element-6fbf138c elementor-widget elementor-widget-heading\" data-id=\"6fbf138c\" data-element_type=\"widget\" data-widget_type=\"heading.default\">\n\t\t\t\t<div class=\"elementor-widget-container\">\n\t\t\t<h4 class=\"elementor-heading-title elementor-size-default\">R\u00e9servez<\/h4>\t\t<\/div>\n\t\t\t\t<\/div>\n\t\t\t\t<div class=\"elementor-element elementor-element-5ffad991 elementor-view-default elementor-widget elementor-widget-icon\" data-id=\"5ffad991\" data-element_type=\"widget\" data-widget_type=\"icon.default\">\n\t\t\t\t<div class=\"elementor-widget-container\">\n\t\t\t\t\t<div class=\"elementor-icon-wrapper\">\n\t\t\t<div class=\"elementor-icon\">\n\t\t\t<i aria-hidden=\"true\" class=\"winwood-icon- winwood-icon-title-decor\"><\/i>\t\t\t<\/div>\n\t\t<\/div>\n\t\t\t\t<\/div>\n\t\t\t\t<\/div>\n\t\t\t\t<div class=\"elementor-element elementor-element-166622b4 elementor-widget elementor-widget-winwood-contactform\" data-id=\"166622b4\" data-element_type=\"widget\" data-widget_type=\"winwood-contactform.default\">\n\t\t\t\t<div class=\"elementor-widget-container\">\n\t\t\t<p class=\"wpcf7-contact-form-not-found\"><strong>Erreur\u00a0:<\/strong> Formulaire de contact non trouv\u00e9\u00a0!<\/p>\t\t<\/div>\n\t\t\t\t<\/div>\n\t\t\t\t\t<\/div>\n\t\t<\/div>\n\t\t\t\t\t\t\t<\/div>\n\t\t<\/section>\n\t\t\t\t\t<\/div>\n\t\t<\/div>\n\t\t\t\t\t\t\t<\/div>\n\t\t<\/section>\n\t\t\t\t\t\t\t<\/div>\n\t\t","protected":false},"excerpt":{"rendered":"<p>Dates : D\u00e9but octobre, fin f\u00e9vrier En zone m\u00e9diterran\u00e9enne elle se trouve plut\u00f4t sur les collines et moyennes montagnes qu&#8217;en plaine mais elle \u00e9vite les massifs forestiers trop denses. Notons enfin qu&#8217;elle \u00e9vite de nos jours l&#8217;extr\u00eame frange littorale m\u00e9diterran\u00e9enne. En hiver, elle utilise pr\u00e9f\u00e9rentiellement les prairies bord\u00e9es de grandes haies et des espaces ouverts [&hellip;]<\/p>\n","protected":false},"author":1,"featured_media":0,"parent":0,"menu_order":0,"comment_status":"closed","ping_status":"closed","template":"","meta":{"inline_featured_image":false,"footnotes":""},"class_list":["post-2230","page","type-page","status-publish","hentry"],"_links":{"self":[{"href":"https:\/\/www.chassamir.com\/fr\/wp-json\/wp\/v2\/pages\/2230","targetHints":{"allow":["GET"]}}],"collection":[{"href":"https:\/\/www.chassamir.com\/fr\/wp-json\/wp\/v2\/pages"}],"about":[{"href":"https:\/\/www.chassamir.com\/fr\/wp-json\/wp\/v2\/types\/page"}],"author":[{"embeddable":true,"href":"https:\/\/www.chassamir.com\/fr\/wp-json\/wp\/v2\/users\/1"}],"replies":[{"embeddable":true,"href":"https:\/\/www.chassamir.com\/fr\/wp-json\/wp\/v2\/comments?post=2230"}],"version-history":[{"count":52,"href":"https:\/\/www.chassamir.com\/fr\/wp-json\/wp\/v2\/pages\/2230\/revisions"}],"predecessor-version":[{"id":2889,"href":"https:\/\/www.chassamir.com\/fr\/wp-json\/wp\/v2\/pages\/2230\/revisions\/2889"}],"wp:attachment":[{"href":"https:\/\/www.chassamir.com\/fr\/wp-json\/wp\/v2\/media?parent=2230"}],"curies":[{"name":"wp","href":"https:\/\/api.w.org\/{rel}","templated":true}]}}