{"id":2216,"date":"2023-04-07T16:37:17","date_gmt":"2023-04-07T14:37:17","guid":{"rendered":"https:\/\/chassamir.com\/?page_id=2216"},"modified":"2023-12-21T11:12:45","modified_gmt":"2023-12-21T10:12:45","slug":"chasse-au-perdrix-gambra","status":"publish","type":"page","link":"https:\/\/www.chassamir.com\/fr\/chasse-et-tir-a-la-perdrix-gambra.html","title":{"rendered":"CHASSE ET TIR A LA PERDRIX GAMBRA"},"content":{"rendered":"\t\t<div data-elementor-type=\"wp-page\" data-elementor-id=\"2216\" class=\"elementor elementor-2216\">\n\t\t\t\t\t\t\t\t\t<section class=\"elementor-section elementor-top-section elementor-element elementor-element-837d750 elementor-section-boxed elementor-section-height-default elementor-section-height-default\" data-id=\"837d750\" data-element_type=\"section\">\n\t\t\t\t\t\t<div class=\"elementor-container elementor-column-gap-default\">\n\t\t\t\t\t<div class=\"elementor-column elementor-col-66 elementor-top-column elementor-element elementor-element-2af2aa6\" data-id=\"2af2aa6\" data-element_type=\"column\">\n\t\t\t<div class=\"elementor-widget-wrap elementor-element-populated\">\n\t\t\t\t\t\t\t\t<div class=\"elementor-element elementor-element-1ab5d5b elementor-widget elementor-widget-heading\" data-id=\"1ab5d5b\" data-element_type=\"widget\" data-widget_type=\"heading.default\">\n\t\t\t\t<div class=\"elementor-widget-container\">\n\t\t\t<style>\/*! elementor - v3.13.3 - 28-05-2023 *\/\n.elementor-heading-title{padding:0;margin:0;line-height:1}.elementor-widget-heading .elementor-heading-title[class*=elementor-size-]>a{color:inherit;font-size:inherit;line-height:inherit}.elementor-widget-heading .elementor-heading-title.elementor-size-small{font-size:15px}.elementor-widget-heading .elementor-heading-title.elementor-size-medium{font-size:19px}.elementor-widget-heading .elementor-heading-title.elementor-size-large{font-size:29px}.elementor-widget-heading .elementor-heading-title.elementor-size-xl{font-size:39px}.elementor-widget-heading .elementor-heading-title.elementor-size-xxl{font-size:59px}<\/style><h2 class=\"elementor-heading-title elementor-size-default\">Dates : D\u00e9but octobre \u00e0 mi-Mars 2024<\/h2>\t\t<\/div>\n\t\t\t\t<\/div>\n\t\t\t\t<div class=\"elementor-element elementor-element-1d986c0 elementor-widget elementor-widget-image\" data-id=\"1d986c0\" data-element_type=\"widget\" data-widget_type=\"image.default\">\n\t\t\t\t<div class=\"elementor-widget-container\">\n\t\t\t<style>\/*! elementor - v3.13.3 - 28-05-2023 *\/\n.elementor-widget-image{text-align:center}.elementor-widget-image a{display:inline-block}.elementor-widget-image a img[src$=\".svg\"]{width:48px}.elementor-widget-image img{vertical-align:middle;display:inline-block}<\/style>\t\t\t\t\t\t\t\t\t\t\t\t<img loading=\"lazy\" decoding=\"async\" width=\"2048\" height=\"1365\" src=\"https:\/\/www.chassamir.com\/wp-content\/uploads\/2023\/04\/PERDRIX-GAMBRA.jpg\" class=\"attachment-full size-full wp-image-2218\" alt=\"\" srcset=\"https:\/\/www.chassamir.com\/wp-content\/uploads\/2023\/04\/PERDRIX-GAMBRA.jpg 2048w, https:\/\/www.chassamir.com\/wp-content\/uploads\/2023\/04\/PERDRIX-GAMBRA-300x200.jpg 300w, https:\/\/www.chassamir.com\/wp-content\/uploads\/2023\/04\/PERDRIX-GAMBRA-1024x683.jpg 1024w, https:\/\/www.chassamir.com\/wp-content\/uploads\/2023\/04\/PERDRIX-GAMBRA-768x512.jpg 768w, https:\/\/www.chassamir.com\/wp-content\/uploads\/2023\/04\/PERDRIX-GAMBRA-1536x1024.jpg 1536w\" sizes=\"auto, (max-width: 2048px) 100vw, 2048px\" \/>\t\t\t\t\t\t\t\t\t\t\t\t\t\t\t<\/div>\n\t\t\t\t<\/div>\n\t\t\t\t<div class=\"elementor-element elementor-element-dde5f10 elementor-widget elementor-widget-text-editor\" data-id=\"dde5f10\" data-element_type=\"widget\" data-widget_type=\"text-editor.default\">\n\t\t\t\t<div class=\"elementor-widget-container\">\n\t\t\t<style>\/*! elementor - v3.13.3 - 28-05-2023 *\/\n.elementor-widget-text-editor.elementor-drop-cap-view-stacked .elementor-drop-cap{background-color:#69727d;color:#fff}.elementor-widget-text-editor.elementor-drop-cap-view-framed .elementor-drop-cap{color:#69727d;border:3px solid;background-color:transparent}.elementor-widget-text-editor:not(.elementor-drop-cap-view-default) .elementor-drop-cap{margin-top:8px}.elementor-widget-text-editor:not(.elementor-drop-cap-view-default) .elementor-drop-cap-letter{width:1em;height:1em}.elementor-widget-text-editor .elementor-drop-cap{float:left;text-align:center;line-height:1;font-size:50px}.elementor-widget-text-editor .elementor-drop-cap-letter{display:inline-block}<\/style>\t\t\t\t<p>Marrakech Atlas shooting est un nouveau produit de la soci\u00e9t\u00e9 Chassamir, sp\u00e9cialiste de la chasse touristique au Maroc depuis plus de 35 ann\u00e9es.<br \/>Ce tir de la Perdrix Gambra sera ouvert tous les jours de la semaine, du d\u00e9but octobre jusqu&#8217;\u00e0 la fin du mois de mars. Il sera possible de tirer deux jours de suite en battues.<\/p>\t\t\t\t\t\t<\/div>\n\t\t\t\t<\/div>\n\t\t\t\t<div class=\"elementor-element elementor-element-591e89d elementor-widget elementor-widget-heading\" data-id=\"591e89d\" data-element_type=\"widget\" data-widget_type=\"heading.default\">\n\t\t\t\t<div class=\"elementor-widget-container\">\n\t\t\t<h3 class=\"elementor-heading-title elementor-size-default\">Territoire :<\/h3>\t\t<\/div>\n\t\t\t\t<\/div>\n\t\t\t\t<div class=\"elementor-element elementor-element-9474449 elementor-widget elementor-widget-text-editor\" data-id=\"9474449\" data-element_type=\"widget\" data-widget_type=\"text-editor.default\">\n\t\t\t\t<div class=\"elementor-widget-container\">\n\t\t\t\t\t\t\tLe territoire est situ\u00e9 \u00e0 vingt minutes du centre-ville de Marrakech, dont la r\u00e9putation pour ses h\u00f4tels, restaurants, golf, ses souks et ses sites touristiques n\u2019est plus \u00e0 faire.\nLe territoire de 4.000 hectares est totalement  vierge. Il est aride, caillouteux, sans routes ni maisons avec des vall\u00e9es escarp\u00e9es id\u00e9ales pour la chasse.\n\t\t\t\t\t\t<\/div>\n\t\t\t\t<\/div>\n\t\t\t\t<div class=\"elementor-element elementor-element-d5c6841 elementor-widget elementor-widget-heading\" data-id=\"d5c6841\" data-element_type=\"widget\" data-widget_type=\"heading.default\">\n\t\t\t\t<div class=\"elementor-widget-container\">\n\t\t\t<h3 class=\"elementor-heading-title elementor-size-default\">La perdrix gambra :<\/h3>\t\t<\/div>\n\t\t\t\t<\/div>\n\t\t\t\t<div class=\"elementor-element elementor-element-07860da elementor-widget elementor-widget-text-editor\" data-id=\"07860da\" data-element_type=\"widget\" data-widget_type=\"text-editor.default\">\n\t\t\t\t<div class=\"elementor-widget-container\">\n\t\t\t\t\t\t\t<p>La perdrix gambra dont le nom scientifique est Alectoris Barbara est un oiseau originaire d&#8217;Afrique du Nord. Elle aime les territoires arides et caillouteux avec des buissons d\u2019\u00e9pines, biotope de notre territoire.<br \/>L\u2019aire de r\u00e9partition de la perdrix gambra est l&#8217;Afrique du Nord. On la trouve le long de la m\u00e9diterran\u00e9e, de la c\u00f4te atlantique du Maroc, jusqu&#8217;en Libye. Elle appartient \u00e0 la famille des Alectoris comme le perdreau rouge d&#8217;Espagne.<\/p>\t\t\t\t\t\t<\/div>\n\t\t\t\t<\/div>\n\t\t\t\t<div class=\"elementor-element elementor-element-c908694 elementor-widget elementor-widget-heading\" data-id=\"c908694\" data-element_type=\"widget\" data-widget_type=\"heading.default\">\n\t\t\t\t<div class=\"elementor-widget-container\">\n\t\t\t<h3 class=\"elementor-heading-title elementor-size-default\">Organisation des journees de chasse :<\/h3>\t\t<\/div>\n\t\t\t\t<\/div>\n\t\t\t\t<div class=\"elementor-element elementor-element-848bdbe elementor-widget elementor-widget-text-editor\" data-id=\"848bdbe\" data-element_type=\"widget\" data-widget_type=\"text-editor.default\">\n\t\t\t\t<div class=\"elementor-widget-container\">\n\t\t\t\t\t\t\tRendez-vous \u00e0  notre camp de base vers 9h30. O\u00f9 une collation vous sera servie. Apr\u00e8s un rappel des r\u00e8gles de s\u00e9curit\u00e9, l&#8217;action de chasse commencera  vers 10h. \n4 \u00e0 5 battues sont pr\u00e9vues dans la journ\u00e9e. Un d\u00e9jeuner chaud accompagn\u00e9 de vin  marocain, sera servi apr\u00e8s la troisi\u00e8me ou quatri\u00e8me battue. \n\t\t\t\t\t\t<\/div>\n\t\t\t\t<\/div>\n\t\t\t\t<div class=\"elementor-element elementor-element-05d5789 elementor-widget elementor-widget-heading\" data-id=\"05d5789\" data-element_type=\"widget\" data-widget_type=\"heading.default\">\n\t\t\t\t<div class=\"elementor-widget-container\">\n\t\t\t<h3 class=\"elementor-heading-title elementor-size-default\">Le campement :<\/h3>\t\t<\/div>\n\t\t\t\t<\/div>\n\t\t\t\t<div class=\"elementor-element elementor-element-8d89d85 elementor-widget elementor-widget-text-editor\" data-id=\"8d89d85\" data-element_type=\"widget\" data-widget_type=\"text-editor.default\">\n\t\t\t\t<div class=\"elementor-widget-container\">\n\t\t\t\t\t\t\tLe camp est install\u00e9 sur une plateforme en hauteur, avec vue spectaculaire sur Marrakech et les montagnes de l&#8217;Atlas au Sud et aussi sur les Jbilet, ces montagnes escarp\u00e9es, \u00e0 l&#8217;ouest et \u00e0 l&#8217;est.\nSur cette plateforme est install\u00e9e une grande tente berb\u00e8re sous laquelle le d\u00e9jeuner est servi. Pour les invit\u00e9s qui voudraient se reposer l\u2019apr\u00e8s-midi de grands canap\u00e9s sont disponibles. \n\t\t\t\t\t\t<\/div>\n\t\t\t\t<\/div>\n\t\t\t\t<div class=\"elementor-element elementor-element-c732b97 elementor-widget elementor-widget-heading\" data-id=\"c732b97\" data-element_type=\"widget\" data-widget_type=\"heading.default\">\n\t\t\t\t<div class=\"elementor-widget-container\">\n\t\t\t<h3 class=\"elementor-heading-title elementor-size-default\">Votre h\u00f4te :\u00a0<\/h3>\t\t<\/div>\n\t\t\t\t<\/div>\n\t\t\t\t<div class=\"elementor-element elementor-element-103ad13 elementor-widget elementor-widget-text-editor\" data-id=\"103ad13\" data-element_type=\"widget\" data-widget_type=\"text-editor.default\">\n\t\t\t\t<div class=\"elementor-widget-container\">\n\t\t\t\t\t\t\tUn garde anglais est responsable de la chasse. Ses exp\u00e9riences dans les plus grandes chasses d\u2019Angleterre et de France ont fait sa r\u00e9putation. En d\u00e9veloppant  les battues, et en les  dirigeant son r\u00f4le  est de vous pr\u00e9senter des oiseaux de qualit\u00e9.\nChassamir est l&#8217;un des plus grands  organisateur de chasse touristique au Maroc, offrant aux chasseurs \u00e9trangers une organisation et un personnel qualifi\u00e9 pour faciliter  votre s\u00e9jour au Maroc : permis de chasse, importation de vos fusils, accueil \u00e0 l\u2019a\u00e9roport et formalit\u00e9s douani\u00e8res. \n\t\t\t\t\t\t<\/div>\n\t\t\t\t<\/div>\n\t\t\t\t<div class=\"elementor-element elementor-element-0b49ba8 elementor-widget elementor-widget-heading\" data-id=\"0b49ba8\" data-element_type=\"widget\" data-widget_type=\"heading.default\">\n\t\t\t\t<div class=\"elementor-widget-container\">\n\t\t\t<h3 class=\"elementor-heading-title elementor-size-default\">Les chasseurs : <\/h3>\t\t<\/div>\n\t\t\t\t<\/div>\n\t\t\t\t<div class=\"elementor-element elementor-element-5781695 elementor-widget elementor-widget-text-editor\" data-id=\"5781695\" data-element_type=\"widget\" data-widget_type=\"text-editor.default\">\n\t\t\t\t<div class=\"elementor-widget-container\">\n\t\t\t\t\t\t\tLes battues ont \u00e9t\u00e9 con\u00e7ues pour 8 fusils, n\u00e9anmoins, il est possible de chasser \u00e0 10 fusils.\t\t\t\t\t\t<\/div>\n\t\t\t\t<\/div>\n\t\t\t\t<div class=\"elementor-element elementor-element-842f60e elementor-widget elementor-widget-heading\" data-id=\"842f60e\" data-element_type=\"widget\" data-widget_type=\"heading.default\">\n\t\t\t\t<div class=\"elementor-widget-container\">\n\t\t\t<h5 class=\"elementor-heading-title elementor-size-default\">Tableaux de 250 perdreaux pour une ligne de 8 fusils<\/h5>\t\t<\/div>\n\t\t\t\t<\/div>\n\t\t\t\t<div class=\"elementor-element elementor-element-a15ad0b elementor-widget elementor-widget-heading\" data-id=\"a15ad0b\" data-element_type=\"widget\" data-widget_type=\"heading.default\">\n\t\t\t\t<div class=\"elementor-widget-container\">\n\t\t\t<h5 class=\"elementor-heading-title elementor-size-default\">Tableaux de 350 perdreaux pour une ligne de 10 fusils<\/h5>\t\t<\/div>\n\t\t\t\t<\/div>\n\t\t\t\t\t<\/div>\n\t\t<\/div>\n\t\t\t\t<div class=\"elementor-column elementor-col-33 elementor-top-column elementor-element elementor-element-de0b7dd\" data-id=\"de0b7dd\" data-element_type=\"column\">\n\t\t\t<div class=\"elementor-widget-wrap elementor-element-populated\">\n\t\t\t\t\t\t\t\t<section class=\"elementor-section elementor-inner-section elementor-element elementor-element-c074068 elementor-section-boxed elementor-section-height-default elementor-section-height-default\" data-id=\"c074068\" data-element_type=\"section\" data-settings=\"{&quot;background_background&quot;:&quot;classic&quot;,&quot;sticky&quot;:&quot;top&quot;,&quot;sticky_on&quot;:[&quot;desktop&quot;,&quot;tablet&quot;],&quot;sticky_offset&quot;:18,&quot;sticky_parent&quot;:&quot;yes&quot;,&quot;sticky_effects_offset&quot;:0}\">\n\t\t\t\t\t\t<div class=\"elementor-container elementor-column-gap-default\">\n\t\t\t\t\t<div class=\"elementor-column elementor-col-100 elementor-inner-column elementor-element elementor-element-3039426\" data-id=\"3039426\" data-element_type=\"column\">\n\t\t\t<div class=\"elementor-widget-wrap elementor-element-populated\">\n\t\t\t\t\t\t\t\t<div class=\"elementor-element elementor-element-cdce770 elementor-widget elementor-widget-heading\" data-id=\"cdce770\" data-element_type=\"widget\" data-widget_type=\"heading.default\">\n\t\t\t\t<div class=\"elementor-widget-container\">\n\t\t\t<h4 class=\"elementor-heading-title elementor-size-default\">R\u00e9servez<\/h4>\t\t<\/div>\n\t\t\t\t<\/div>\n\t\t\t\t<div class=\"elementor-element elementor-element-321259e elementor-view-default elementor-widget elementor-widget-icon\" data-id=\"321259e\" data-element_type=\"widget\" data-widget_type=\"icon.default\">\n\t\t\t\t<div class=\"elementor-widget-container\">\n\t\t\t\t\t<div class=\"elementor-icon-wrapper\">\n\t\t\t<div class=\"elementor-icon\">\n\t\t\t<i aria-hidden=\"true\" class=\"winwood-icon- winwood-icon-title-decor\"><\/i>\t\t\t<\/div>\n\t\t<\/div>\n\t\t\t\t<\/div>\n\t\t\t\t<\/div>\n\t\t\t\t<div class=\"elementor-element elementor-element-9d8c797 elementor-widget elementor-widget-winwood-contactform\" data-id=\"9d8c797\" data-element_type=\"widget\" data-widget_type=\"winwood-contactform.default\">\n\t\t\t\t<div class=\"elementor-widget-container\">\n\t\t\t\n<div class=\"wpcf7 no-js\" id=\"wpcf7-f32-o1\" lang=\"en-US\" dir=\"ltr\">\n<div class=\"screen-reader-response\"><p role=\"status\" aria-live=\"polite\" aria-atomic=\"true\"><\/p> <ul><\/ul><\/div>\n<form action=\"\/fr\/wp-json\/wp\/v2\/pages\/2216#wpcf7-f32-o1\" method=\"post\" class=\"wpcf7-form init\" aria-label=\"Contact form\" novalidate=\"novalidate\" data-status=\"init\">\n<div style=\"display: none;\">\n<input type=\"hidden\" name=\"_wpcf7\" value=\"32\" \/>\n<input type=\"hidden\" name=\"_wpcf7_version\" value=\"5.8\" \/>\n<input type=\"hidden\" name=\"_wpcf7_locale\" value=\"en_US\" \/>\n<input type=\"hidden\" name=\"_wpcf7_unit_tag\" value=\"wpcf7-f32-o1\" \/>\n<input type=\"hidden\" name=\"_wpcf7_container_post\" value=\"0\" \/>\n<input type=\"hidden\" name=\"_wpcf7_posted_data_hash\" value=\"\" \/>\n<input type=\"hidden\" name=\"_wpcf7_recaptcha_response\" value=\"\" \/>\n<\/div>\n<div class=\"row\">\n\t<div class=\"column-12 column-tablet-6\">\n\t\t<p><label> Nom *<\/label><span class=\"wpcf7-form-control-wrap\" data-name=\"your-name\"><input size=\"40\" class=\"wpcf7-form-control wpcf7-text wpcf7-validates-as-required\" aria-required=\"true\" aria-invalid=\"false\" placeholder=\"Nom\" value=\"\" type=\"text\" name=\"your-name\" \/><\/span><br \/>\n<label> GSM * <\/label><span class=\"wpcf7-form-control-wrap\" data-name=\"your-tele\"><input size=\"40\" class=\"wpcf7-form-control wpcf7-tel wpcf7-validates-as-required wpcf7-text wpcf7-validates-as-tel\" aria-required=\"true\" aria-invalid=\"false\" placeholder=\"T\u00e9l\u00e9phone\" value=\"\" type=\"tel\" name=\"your-tele\" \/><\/span>\n\t\t<\/p>\n\t<\/div>\n\t<div class=\"column-12 column-tablet-6\">\n\t\t<p><label> Prenom *<\/label><span class=\"wpcf7-form-control-wrap\" data-name=\"your-prenom\"><input size=\"40\" class=\"wpcf7-form-control wpcf7-text\" aria-invalid=\"false\" placeholder=\"Prenom\" value=\"\" type=\"text\" name=\"your-prenom\" \/><\/span><br \/>\n<label> Email * <\/label><span class=\"wpcf7-form-control-wrap\" data-name=\"your-email\"><input size=\"40\" class=\"wpcf7-form-control wpcf7-email wpcf7-validates-as-required wpcf7-text wpcf7-validates-as-email\" aria-required=\"true\" aria-invalid=\"false\" placeholder=\"Email\" value=\"\" type=\"email\" name=\"your-email\" \/><\/span>\n\t\t<\/p>\n\t<\/div>\n\t<div class=\"column-12\">\n\t\t<p><label> Message <\/label><span class=\"wpcf7-form-control-wrap\" data-name=\"your-message\"><textarea cols=\"40\" rows=\"3\" class=\"wpcf7-form-control wpcf7-textarea\" aria-invalid=\"false\" placeholder=\"Message\" name=\"your-message\"><\/textarea><\/span>\n\t\t<\/p>\n\t<\/div>\n<\/div>\n<p><input class=\"wpcf7-form-control wpcf7-submit has-spinner\" type=\"submit\" value=\"Envoyer\" \/>\n<\/p><div class=\"wpcf7-response-output\" aria-hidden=\"true\"><\/div>\n<\/form>\n<\/div>\n\t\t<\/div>\n\t\t\t\t<\/div>\n\t\t\t\t\t<\/div>\n\t\t<\/div>\n\t\t\t\t\t\t\t<\/div>\n\t\t<\/section>\n\t\t\t\t\t<\/div>\n\t\t<\/div>\n\t\t\t\t\t\t\t<\/div>\n\t\t<\/section>\n\t\t\t\t\t\t\t<\/div>\n\t\t","protected":false},"excerpt":{"rendered":"<p>Dates : D\u00e9but octobre \u00e0 mi-Mars 2024 Marrakech Atlas shooting est un nouveau produit de la soci\u00e9t\u00e9 Chassamir, sp\u00e9cialiste de la chasse touristique au Maroc depuis plus de 35 ann\u00e9es.Ce tir de la Perdrix Gambra sera ouvert tous les jours de la semaine, du d\u00e9but octobre jusqu&#8217;\u00e0 la fin du mois de mars. Il sera [&hellip;]<\/p>\n","protected":false},"author":1,"featured_media":0,"parent":0,"menu_order":0,"comment_status":"closed","ping_status":"closed","template":"elementor_theme","meta":{"inline_featured_image":false,"footnotes":""},"class_list":["post-2216","page","type-page","status-publish","hentry"],"_links":{"self":[{"href":"https:\/\/www.chassamir.com\/fr\/wp-json\/wp\/v2\/pages\/2216","targetHints":{"allow":["GET"]}}],"collection":[{"href":"https:\/\/www.chassamir.com\/fr\/wp-json\/wp\/v2\/pages"}],"about":[{"href":"https:\/\/www.chassamir.com\/fr\/wp-json\/wp\/v2\/types\/page"}],"author":[{"embeddable":true,"href":"https:\/\/www.chassamir.com\/fr\/wp-json\/wp\/v2\/users\/1"}],"replies":[{"embeddable":true,"href":"https:\/\/www.chassamir.com\/fr\/wp-json\/wp\/v2\/comments?post=2216"}],"version-history":[{"count":81,"href":"https:\/\/www.chassamir.com\/fr\/wp-json\/wp\/v2\/pages\/2216\/revisions"}],"predecessor-version":[{"id":4102,"href":"https:\/\/www.chassamir.com\/fr\/wp-json\/wp\/v2\/pages\/2216\/revisions\/4102"}],"wp:attachment":[{"href":"https:\/\/www.chassamir.com\/fr\/wp-json\/wp\/v2\/media?parent=2216"}],"curies":[{"name":"wp","href":"https:\/\/api.w.org\/{rel}","templated":true}]}}